{"id":2025,"date":"2023-11-02T18:13:47","date_gmt":"2023-11-02T21:13:47","guid":{"rendered":"https:\/\/www.gruposamaritano.com.br\/ges\/?page_id=2025"},"modified":"2023-11-02T18:13:47","modified_gmt":"2023-11-02T21:13:47","slug":"trabalhos-sociais","status":"publish","type":"page","link":"https:\/\/www.gruposamaritano.com.br\/ges\/trabalhos-sociais\/","title":{"rendered":"Trabalhos Sociais"},"content":{"rendered":"<ul>\n<li>\n<h3><u><b>Cesta b\u00e1sica<\/b><\/u><\/h3>\n<\/li>\n<li>\n<h3><b>Quinzenalmente<\/b> o <b>GES<\/b> distribu\u00ed <b>Cestas B\u00e1sicas<\/b> para aproximadamente 280 fam\u00edlias carentes.<\/h3>\n<\/li>\n<li>\n<h3><u><b>Bazar da pechincha<\/b><\/u> Proporcionamos aos assistidos acesso a vestu\u00e1rios, brinquedos dentre outras coisas.<\/h3>\n<\/li>\n<\/ul>\n","protected":false},"excerpt":{"rendered":"<p>Cesta b\u00e1sica Quinzenalmente o GES distribu\u00ed Cestas B\u00e1sicas para aproximadamente 280 fam\u00edlias carentes. Bazar da pechincha Proporcionamos aos assistidos acesso a vestu\u00e1rios, brinquedos dentre outras coisas.<\/p>\n","protected":false},"author":2,"featured_media":0,"parent":0,"menu_order":0,"comment_status":"closed","ping_status":"closed","template":"","meta":{"footnotes":""},"class_list":["post-2025","page","type-page","status-publish","hentry"],"_links":{"self":[{"href":"https:\/\/www.gruposamaritano.com.br\/ges\/wp-json\/wp\/v2\/pages\/2025","targetHints":{"allow":["GET"]}}],"collection":[{"href":"https:\/\/www.gruposamaritano.com.br\/ges\/wp-json\/wp\/v2\/pages"}],"about":[{"href":"https:\/\/www.gruposamaritano.com.br\/ges\/wp-json\/wp\/v2\/types\/page"}],"author":[{"embeddable":true,"href":"https:\/\/www.gruposamaritano.com.br\/ges\/wp-json\/wp\/v2\/users\/2"}],"replies":[{"embeddable":true,"href":"https:\/\/www.gruposamaritano.com.br\/ges\/wp-json\/wp\/v2\/comments?post=2025"}],"version-history":[{"count":0,"href":"https:\/\/www.gruposamaritano.com.br\/ges\/wp-json\/wp\/v2\/pages\/2025\/revisions"}],"wp:attachment":[{"href":"https:\/\/www.gruposamaritano.com.br\/ges\/wp-json\/wp\/v2\/media?parent=2025"}],"curies":[{"name":"wp","href":"https:\/\/api.w.org\/{rel}","templated":true}]}}