{"id":1716,"date":"2017-03-14T22:09:38","date_gmt":"2017-03-15T01:09:38","guid":{"rendered":"https:\/\/www.gruposamaritano.com.br\/ges\/?page_id=1716"},"modified":"2018-09-26T23:04:30","modified_gmt":"2018-09-27T02:04:30","slug":"cursos","status":"publish","type":"page","link":"https:\/\/www.gruposamaritano.com.br\/ges\/cursos\/","title":{"rendered":"Cursos"},"content":{"rendered":"<p>Clique nos links abaixo e acompanhe:<\/p>\n<p><span style=\"text-decoration: underline;\"><strong><a href=\"https:\/\/www.gruposamaritano.com.br\/ges\/cursos_content\/2017_GES_modulo_1.pdf\" target=\"_blank\">2017 &#8211; GES &#8211; Curso de Doutrina Esp\u00edrita &#8211; Cronograma de Aulas &#8211; M\u00f3dulo 1<\/a><\/strong><\/span><\/p>\n<p><span style=\"text-decoration: underline;\"><a href=\"https:\/\/www.gruposamaritano.com.br\/ges\/cursos_content\/modulo_01_aula_02_1o_semestre.pdf\" target=\"_blank\"><strong>M\u00f3dulo I &#8211; Aula 02 &#8211; Deus e seus Atributos e Jesus Modelo e Guia &#8211; 1\u00b0 semestre<\/strong><\/a><\/span><\/p>\n<p><span style=\"text-decoration: underline;\"><a href=\"https:\/\/www.gruposamaritano.com.br\/ges\/cursos_content\/modulo_01_aula_03_1o_semestre.pdf\" target=\"_blank\"><strong>M\u00f3dulo I &#8211; Aula 03 &#8211; As Tr\u00eas Revela\u00e7\u00f5es &#8211; 1\u00b0 semestre<\/strong><\/a><\/span><\/p>\n<p><span style=\"text-decoration: underline;\"><a href=\"https:\/\/www.gruposamaritano.com.br\/ges\/cursos_content\/modulo_01_aula_04_1o_semestre.pdf\" target=\"_blank\"><strong>M\u00f3dulo I &#8211; Aula 04 &#8211; Precursores do Espiritismo &#8211; Espiritismo no Brasil &#8211; Espiritismo x Religi\u00e3o e Seitas &#8211; 1\u00b0 semestre<\/strong><\/a><\/span><\/p>\n<p><span style=\"text-decoration: underline;\"><a href=\"https:\/\/www.gruposamaritano.com.br\/ges\/cursos_content\/modulo_01_aula_05_1o_semestre.pdf\" target=\"_blank\"><strong>M\u00f3dulo I &#8211; Aula 05 &#8211; Vida e Obra de Allan Kardec &#8211; 1\u00b0 semestre<\/strong><\/a><\/span><\/p>\n<p><span style=\"text-decoration: underline;\"><a href=\"https:\/\/www.gruposamaritano.com.br\/ges\/cursos_content\/modulo_01_aula_06_1o_semestre.pdf\" target=\"_blank\"><strong>M\u00f3dulo I &#8211; Aula 06 &#8211; O Evangelho no Lar e a Efic\u00e1cia da Prece &#8211; 1\u00b0 semestre<\/strong><\/a><\/span><\/p>\n<p><span style=\"text-decoration: underline;\"><a href=\"https:\/\/www.gruposamaritano.com.br\/ges\/cursos_content\/modulo_01_aula_07_1o_semestre.pdf\" target=\"_blank\"><strong>M\u00f3dulo I &#8211; Aula 07 &#8211; Fora da  Caridade n\u00e3o h\u00e1 salva\u00e7\u00e3o, Lei de causa e efeito e livre arb\u00edtrio &#8211; 1\u00b0 semestre<\/strong><\/a><\/span><\/p>\n<p><span style=\"text-decoration: underline;\"><a href=\"https:\/\/www.gruposamaritano.com.br\/ges\/cursos_content\/modulo_01_aula_08_1o_semestre.pdf\" target=\"_blank\"><strong>M\u00f3dulo I &#8211; Aula 08 &#8211; O Serm\u00e3o do Monte &#8211; 1\u00b0 semestre<\/strong><\/a><\/span><\/p>\n<p><span style=\"text-decoration: underline;\"><a href=\"https:\/\/www.gruposamaritano.com.br\/ges\/cursos_content\/modulo_01_aula_09_1o_semestre.pdf\" target=\"_blank\"><strong>M\u00f3dulo I &#8211; Aula 09 &#8211; H\u00e1 muitas Moradas na Casa do Pai &#8211; Reencarna\u00e7\u00e3o &#8211; 1\u00b0 semestre.<\/strong><\/a><\/span><\/p>\n<p><span style=\"text-decoration: underline;\"><a href=\"https:\/\/www.gruposamaritano.com.br\/ges\/cursos_content\/modulo_01_aula_10_1o_semestre.pdf\" target=\"_blank\"><strong>M\u00f3dulo I &#8211; Aula 10 &#8211; Os  Tr\u00eas Reinos &#8211; 1\u00b0 semestre.<\/strong><\/a><\/span><\/p>\n<p><span style=\"text-decoration: underline;\"><a href=\"https:\/\/www.gruposamaritano.com.br\/ges\/cursos_content\/modulo_01_aula_11_1o_semestre.pdf\" target=\"_blank\"><strong>M\u00f3dulo I &#8211; Aula 11 &#8211; Lei Divina e Natural e Lei de Adora\u00e7\u00e3o (Pedi e Obtereis) &#8211; 1\u00b0 semestre.<\/strong><\/a><\/span><\/p>\n<p><span style=\"text-decoration: underline;\"><a href=\"https:\/\/www.gruposamaritano.com.br\/ges\/cursos_content\/modulo_01_aula_12_1o_semestre.pdf\" target=\"_blank\"><strong>M\u00f3dulo I &#8211; Aula 12 &#8211; Lei do Trabalho (Buscai a Achareis) e Lei de Sociedade &#8211; 1\u00b0 semestre.<\/strong><\/a><\/span><\/p>\n<p><span style=\"text-decoration: underline;\"><a href=\"https:\/\/www.gruposamaritano.com.br\/ges\/cursos_content\/modulo_01_aula_13_1o_semestre.pdf\" target=\"_blank\"><strong>M\u00f3dulo I &#8211; Aula 13 &#8211; Lei de Conserva\u00e7\u00e3o e Destrui\u00e7\u00e3o e Lei do Progresso (Sede Perfeitos) &#8211; 1\u00b0 semestre.<\/strong><\/a><\/span><\/p>\n<p><span style=\"text-decoration: underline;\"><a href=\"https:\/\/www.gruposamaritano.com.br\/ges\/cursos_content\/modulo_01_aula_14_1o_semestre.pdf\" target=\"_blank\"><strong>M\u00f3dulo I &#8211; Aula 14 &#8211; Lei de Igualdade e Lei de Liberdade &#8211; 1\u00b0 semestre.<\/strong><\/a><\/span><\/p>\n<p><span style=\"text-decoration: underline;\"><a href=\"https:\/\/www.gruposamaritano.com.br\/ges\/cursos_content\/modulo_01_aula_15_1o_semestre.pdf\" target=\"_blank\"><strong>M\u00f3dulo I &#8211; Aula 15 &#8211; Lei de Justi\u00e7a Amor e Caridade (Fora da Caridade n\u00e3o h\u00e1 Salva\u00e7\u00e3o) &#8211; 1\u00b0 semestre.<\/strong><\/a><\/span><br \/>&nbsp;<\/p>\n<p><span style=\"text-decoration: underline;\"><strong><a href=\"https:\/\/www.gruposamaritano.com.br\/ges\/cursos_content\/2017_GES_modulo_2.pdf\" target=\"_blank\">2017 &#8211; GES &#8211; Curso de Doutrina Esp\u00edrita &#8211; Cronograma de Aulas &#8211; M\u00f3dulo 2<\/a><\/strong><\/span><\/p>\n<p><span style=\"text-decoration: underline;\"><a href=\"https:\/\/view.publitas.com\/truck-racing\/modulo-ii-aula-00-especial-apresentacao-do-estudo-do-livro-de-ferias-missionarios-da-luz-2-semestre\/page\/1\" target=\"_blank\"><strong>M\u00f3dulo II &#8211; Aula 00 &#8211; Especial &#8211; Apresenta\u00e7\u00e3o do Estudo do livro de f\u00e9rias Mission\u00e1rios da Luz  &#8211; 2\u00b0 semestre.<\/strong><\/a><\/span><\/p>\n<p><span style=\"text-decoration: underline;\"><a href=\"https:\/\/www.gruposamaritano.com.br\/ges\/cursos_content\/modulo_02_aula_01_2o_semestre.pdf\" target=\"_blank\"><strong>M\u00f3dulo II &#8211; Aula 01 &#8211; Dos Esp\u00edritos &#8211; 2\u00b0 semestre.<\/strong><\/a><\/span><\/p>\n<p><span style=\"text-decoration: underline;\"><a href=\"https:\/\/www.gruposamaritano.com.br\/ges\/cursos_content\/modulo_02_aula_02_2o_semestre.pdf\" target=\"_blank\"><strong>M\u00f3dulo II &#8211; Aula 02 &#8211; Escala Esp\u00edrita &#8211; 2\u00b0 semestre.<\/strong><\/a><\/span><\/p>\n<p><span style=\"text-decoration: underline;\"><a href=\"https:\/\/www.gruposamaritano.com.br\/ges\/cursos_content\/modulo_02_aula_03_2o_semestre.pdf\" target=\"_blank\"><strong>M\u00f3dulo II &#8211; Aula 03 &#8211; Fluidos &#8211; 2\u00b0 semestre.<\/strong><\/a><\/span><\/p>\n<p><span style=\"text-decoration: underline;\"><a href=\"https:\/\/www.gruposamaritano.com.br\/ges\/cursos_content\/modulo_02_aula_04_2o_semestre.pdf\" target=\"_blank\"><strong>M\u00f3dulo II &#8211; Aula 04 &#8211; Perisp\u00edrito &#8211; 2\u00b0 semestre.<\/strong><\/a><\/span><\/p>\n<p><span style=\"text-decoration: underline;\"><a href=\"https:\/\/www.gruposamaritano.com.br\/ges\/cursos_content\/modulo_02_aula_05_2o_semestre.pdf\" target=\"_blank\"><strong>M\u00f3dulo II &#8211; Aula 05 &#8211; Gl\u00e2ndula Pineal &#8211; 2\u00b0 semestre.<\/strong><\/a><\/span><\/p>\n<p><span style=\"text-decoration: underline;\"><a href=\"https:\/\/www.gruposamaritano.com.br\/ges\/cursos_content\/modulo_02_aula_06_2o_semestre.pdf\" target=\"_blank\"><strong>M\u00f3dulo II &#8211; Aula 06 \u2013 Centro de For\u00e7a &#8211; 2\u00b0 semestre.<\/strong><\/a><\/span><\/p>\n<p><span style=\"text-decoration: underline;\"><a href=\"https:\/\/www.gruposamaritano.com.br\/ges\/cursos_content\/modulo_02_aula_07_2o_semestre.pdf\" target=\"_blank\"><strong>M\u00f3dulo II &#8211; Aula 07 &#8211; Pensamento, Concentra\u00e7\u00e3o e Sintonia &#8211; 2\u00b0 semestre.<\/strong><\/a><\/span><\/p>\n<p><span style=\"text-decoration: underline;\"><a href=\"https:\/\/www.gruposamaritano.com.br\/ges\/cursos_content\/modulo_02_aula_08_2o_semestre.pdf\" target=\"_blank\"><strong>M\u00f3dulo II &#8211; Aula 08 \u2013 Reencarna\u00e7\u00e3o ou Pluralidade das Exist\u00eancias e Planejamento da Reencarna\u00e7\u00e3o &#8211; 2\u00b0 semestre.<\/strong><\/a><\/span><\/p>\n<p><span style=\"text-decoration: underline;\"><a href=\"https:\/\/www.gruposamaritano.com.br\/ges\/cursos_content\/modulo_02_aula_09_2o_semestre.pdf\" target=\"_blank\"><strong>M\u00f3dulo II &#8211; Aula 09 &#8211; Fluidos, Perisp\u00edrito e Mediunidade &#8211; 2\u00b0 semestre.<\/strong><\/a><\/span><\/p>\n<p><span style=\"text-decoration: underline;\"><a href=\"https:\/\/www.gruposamaritano.com.br\/ges\/cursos_content\/modulo_02_aula_10_2o_semestre.pdf\" target=\"_blank\"><strong>M\u00f3dulo II &#8211; Aula 10 \u2013 Moral e Mediunidade e Inconvenientes da Mediunidade &#8211; 2\u00b0 semestre.<\/strong><\/a><\/span><\/p>\n<p><span style=\"text-decoration: underline;\"><a href=\"https:\/\/www.gruposamaritano.com.br\/ges\/cursos_content\/modulo_02_aula_11_2o_semestre.pdf\" target=\"_blank\"><strong>M\u00f3dulo II &#8211; Aula 11 &#8211; Apresenta\u00e7\u00e3o e Estudo do M\u00e9todo das Cinco Fases do Transe Medi\u00fanico (PACEM) &#8211; 2\u00b0 semestre.<\/strong><\/a><\/span><\/p>\n<p><span style=\"text-decoration: underline;\"><a href=\"https:\/\/www.gruposamaritano.com.br\/ges\/cursos_content\/modulo_02_aula_12_2o_semestre.pdf\" target=\"_blank\"><strong>M\u00f3dulo II &#8211; Aula 12 &#8211; Estudando a Mediunidade  &#8211; 2\u00b0 semestre.<\/strong><\/a><\/span><\/p>\n<p><span style=\"text-decoration: underline;\"><a href=\"https:\/\/www.gruposamaritano.com.br\/ges\/cursos_content\/modulo_02_aula_13_2o_semestre.pdf\" target=\"_blank\"><strong>M\u00f3dulo II &#8211; Aula 13 &#8211; Animismo  &#8211; 2\u00b0 semestre.<\/strong><\/a><\/span><br \/>\n<br \/>&nbsp;<\/p>\n<p><span style=\"text-decoration: underline;\"><strong><a href=\"https:\/\/www.gruposamaritano.com.br\/ges\/cursos_content\/2018_GES_modulo_3.pdf\" target=\"_blank\"><br \/>\n2018 &#8211; Cronograma de Aulas &#8211; Ano II &#8211; M\u00f3dulo 3 &#8211; 17 aulas &#8211; 3\u00b0 semestre<\/a><\/strong><\/span><\/p>\n<p><span style=\"text-decoration: underline;\"><a href=\"https:\/\/www.gruposamaritano.com.br\/ges\/cursos_content\/modulo_03_aula_02_3o_semestre.pdf\" target=\"_blank\"><strong>M\u00f3dulo III &#8211; Aula 2 &#8211; Classifica mediunidade e dos m\u00e9diums &#8211; 3\u00b0 semestre.<\/strong><\/a><\/span><\/p>\n<p><span style=\"text-decoration: underline;\"><a href=\"https:\/\/www.gruposamaritano.com.br\/ges\/cursos_content\/modulo_03_aula_03_3o_semestre.pdf\" target=\"_blank\"><strong>M\u00f3dulo III &#8211; Aula 3 &#8211; Retorno a Vida Corp\u00f3rea a vida Espiritual &#8211; 3\u00b0 semestre.<\/strong><\/a><\/span><\/p>\n<p><span style=\"text-decoration: underline;\"><a href=\"https:\/\/www.gruposamaritano.com.br\/ges\/cursos_content\/modulo_03_aula_04_3o_semestre.pdf\" target=\"_blank\"><strong>M\u00f3dulo III &#8211; Aula 4 &#8211; O Orientador &#8211; 3\u00b0 semestre.<\/strong><\/a><\/span><\/p>\n<p><span style=\"text-decoration: underline;\"><a href=\"https:\/\/www.gruposamaritano.com.br\/ges\/cursos_content\/modulo_03_aula_05_3o_semestre.pdf\" target=\"_blank\"><strong>M\u00f3dulo III &#8211; Aula 5 &#8211; O preparo espiritual da Sala Medi\u00fanica &#8211; 3\u00b0 semestre.<\/strong><\/a><\/span><\/p>\n<p><span style=\"text-decoration: underline;\"><a href=\"https:\/\/www.gruposamaritano.com.br\/ges\/cursos_content\/modulo_03_aula_06_3o_semestre.pdf\" target=\"_blank\"><strong>M\u00f3dulo III &#8211; Aula 6 &#8211; Laborat\u00f3rio do Mundo Invis\u00edvel &#8211; 3\u00b0 semestre.<\/strong><\/a><\/span><\/p>\n<p><span style=\"text-decoration: underline;\"><a href=\"https:\/\/www.gruposamaritano.com.br\/ges\/cursos_content\/modulo_03_aula_07_3o_semestre.pdf\" target=\"_blank\"><strong>M\u00f3dulo III &#8211; Aula 7 &#8211; Milagres do Evangelho &#8211; 3\u00b0 semestre.<\/strong><\/a><\/span><\/p>\n<p><span style=\"text-decoration: underline;\"><a href=\"https:\/\/www.gruposamaritano.com.br\/ges\/cursos_content\/modulo_03_aula_08_3o_semestre.pdf\" target=\"_blank\"><strong>M\u00f3dulo III &#8211; Aula 8 &#8211; Mediunidade  e os Animais &#8211; 3\u00b0 semestre.<\/strong><\/a><\/span><\/p>\n<p><span style=\"text-decoration: underline;\"><a href=\"https:\/\/www.gruposamaritano.com.br\/ges\/cursos_content\/modulo_03_aula_09_3o_semestre.pdf\" target=\"_blank\"><strong>M\u00f3dulo III &#8211; Aula 9 &#8211; Reuni\u00e3o Medi\u00fanica &#8211; 3\u00b0 semestre.<\/strong><\/a><\/span><\/p>\n<p><span style=\"text-decoration: underline;\"><a href=\"https:\/\/www.gruposamaritano.com.br\/ges\/cursos_content\/modulo_03_aula_10_3o_semestre.pdf\" target=\"_blank\"><strong>M\u00f3dulo III &#8211; Aula 10 &#8211; Di\u00e1logo com os Esp\u00edritos &#8211; 3\u00b0 semestre.<\/strong><\/a><\/span><\/p>\n<p><span style=\"text-decoration: underline;\"><a href=\"https:\/\/www.gruposamaritano.com.br\/ges\/cursos_content\/modulo_03_aula_11_3o_semestre.pdf\" target=\"_blank\"><strong>M\u00f3dulo III &#8211; Aula 11 &#8211; Condicionamento e Vicia\u00e7\u00f5es das Manifesta\u00e7\u00f5es &#8211; 3\u00b0 semestre.<\/strong><\/a><\/span><\/p>\n<p><span style=\"text-decoration: underline;\"><a href=\"https:\/\/www.gruposamaritano.com.br\/ges\/cursos_content\/modulo_03_aula_13_3o_semestre.pdf\" target=\"_blank\"><strong>M\u00f3dulo III &#8211; Aula 13 &#8211; Obsess\u00e3o e Mediunidade &#8211; 3\u00b0 semestre.<\/strong><\/a><\/span><\/p>\n<p><span style=\"text-decoration: underline;\"><a href=\"https:\/\/www.gruposamaritano.com.br\/ges\/cursos_content\/modulo_03_aula_14_3o_semestre.pdf\" target=\"_blank\"><strong>M\u00f3dulo III &#8211; Aula 14 &#8211; Desafios da Vida \u2013 V\u00edcios Depend\u00eancias &#8211; 3\u00b0 semestre.<\/strong><\/a><\/span><\/p>\n<p><span style=\"text-decoration: underline;\"><a href=\"https:\/\/www.gruposamaritano.com.br\/ges\/cursos_content\/modulo_03_aula_15_3o_semestre.pdf\" target=\"_blank\"><strong>M\u00f3dulo III &#8211; Aula 15 &#8211; Expia\u00e7\u00f5es Coletivas &#8211; 3\u00b0 semestre.<\/strong><\/a><\/span><\/p>\n<p><span style=\"text-decoration: underline;\"><a href=\"https:\/\/www.gruposamaritano.com.br\/ges\/cursos_content\/modulo_03_aula_16_3o_semestre.pdf\" target=\"_blank\"><strong>M\u00f3dulo III &#8211; Aula 16 &#8211; Mediunidade com Jesus &#8211; 3\u00b0 semestre.<\/strong><\/a><\/span><\/p>\n<p>&nbsp;<\/p>\n<p><span style=\"text-decoration: underline;\"><strong><a href=\"https:\/\/www.gruposamaritano.com.br\/ges\/cursos_content\/2018_GES_modulo_4.pdf\" target=\"_blank\"><br \/>\n2018 &#8211; Cronograma de Aulas &#8211; Ano II &#8211; M\u00f3dulo 4 &#8211; 16 aulas &#8211; 4\u00b0 semestre<\/a><\/strong><\/span><\/p>\n<p><span style=\"text-decoration: underline;\"><a href=\"https:\/\/www.gruposamaritano.com.br\/ges\/cursos_content\/modulo_04_aula_01_4o_semestre.pdf\" target=\"_blank\"><strong>M\u00f3dulo IV &#8211; Aula 1 &#8211; Livro A\u00e7\u00e3o e Rea\u00e7\u00e3o &#8211; Estudo &#8211; 4\u00b0 Semestre.<\/strong><\/a><\/span><\/p>\n<p><span style=\"text-decoration: underline;\"><a href=\"https:\/\/www.gruposamaritano.com.br\/ges\/cursos_content\/modulo_04_aula_02_4o_semestre.pdf\" target=\"_blank\"><strong>M\u00f3dulo IV &#8211; Aula 2 &#8211; Pensamento e Casa Mental &#8211; 4\u00b0 Semestre.<\/strong><\/a><\/span><\/p>\n<p><span style=\"text-decoration: underline;\"><a href=\"https:\/\/www.gruposamaritano.com.br\/ges\/cursos_content\/modulo_04_aula_03_4o_semestre.pdf\" target=\"_blank\"><strong>M\u00f3dulo IV &#8211; Aula 3 &#8211; O Papel dos M\u00e9diuns nas Comunica\u00e7\u00f5es e Reuni\u00f5es Mediunicas &#8211; 4\u00b0 Semestre.<\/strong><\/a><\/span><\/p>\n<p><span style=\"text-decoration: underline;\"><a href=\"https:\/\/www.gruposamaritano.com.br\/ges\/cursos_content\/modulo_04_aula_04_4o_semestre.pdf\" target=\"_blank\"><strong>M\u00f3dulo IV &#8211; Aula 4 &#8211; Fen\u00f4meno Hipn\u00f3tico e Vampirismo &#8211; 4\u00b0 Semestre.<\/strong><\/a><\/span><\/p>\n<p><span style=\"text-decoration: underline;\"><a href=\"https:\/\/www.gruposamaritano.com.br\/ges\/cursos_content\/modulo_04_aula_05_4o_semestre.pdf\" target=\"_blank\"><strong>M\u00f3dulo IV &#8211; Aula 5 &#8211; Transtornos Mentais &#8211; 4\u00b0 Semestre<\/strong><\/a><\/span><\/p>\n","protected":false},"excerpt":{"rendered":"<p>Clique nos links abaixo e acompanhe: 2017 &#8211; GES &#8211; Curso de Doutrina Esp\u00edrita &#8211; Cronograma de Aulas &#8211; M\u00f3dulo 1 M\u00f3dulo I &#8211; Aula 02 &#8211; Deus e seus Atributos e Jesus Modelo e Guia &#8211; 1\u00b0 semestre M\u00f3dulo I &#8211; Aula 03 &#8211; As Tr\u00eas Revela\u00e7\u00f5es &#8211; 1\u00b0 semestre M\u00f3dulo [&hellip;]<\/p>\n","protected":false},"author":2,"featured_media":0,"parent":0,"menu_order":0,"comment_status":"closed","ping_status":"closed","template":"page-template-full.php","meta":{"footnotes":""},"class_list":["post-1716","page","type-page","status-publish","hentry"],"_links":{"self":[{"href":"https:\/\/www.gruposamaritano.com.br\/ges\/wp-json\/wp\/v2\/pages\/1716","targetHints":{"allow":["GET"]}}],"collection":[{"href":"https:\/\/www.gruposamaritano.com.br\/ges\/wp-json\/wp\/v2\/pages"}],"about":[{"href":"https:\/\/www.gruposamaritano.com.br\/ges\/wp-json\/wp\/v2\/types\/page"}],"author":[{"embeddable":true,"href":"https:\/\/www.gruposamaritano.com.br\/ges\/wp-json\/wp\/v2\/users\/2"}],"replies":[{"embeddable":true,"href":"https:\/\/www.gruposamaritano.com.br\/ges\/wp-json\/wp\/v2\/comments?post=1716"}],"version-history":[{"count":0,"href":"https:\/\/www.gruposamaritano.com.br\/ges\/wp-json\/wp\/v2\/pages\/1716\/revisions"}],"wp:attachment":[{"href":"https:\/\/www.gruposamaritano.com.br\/ges\/wp-json\/wp\/v2\/media?parent=1716"}],"curies":[{"name":"wp","href":"https:\/\/api.w.org\/{rel}","templated":true}]}}